{"id":17180,"date":"2023-06-28T16:30:53","date_gmt":"2023-06-28T16:30:53","guid":{"rendered":"https:\/\/web.uniav.edu.ni\/?page_id=17180"},"modified":"2023-06-28T20:37:10","modified_gmt":"2023-06-28T20:37:10","slug":"orden-de-predicadores","status":"publish","type":"page","link":"https:\/\/www.uniav.edu.ni\/index.php\/orden-de-predicadores\/","title":{"rendered":"ORDEN DE PREDICADORES"},"content":{"rendered":"\t\t<div data-elementor-type=\"wp-page\" data-elementor-id=\"17180\" class=\"elementor elementor-17180\">\n\t\t\t\t\t\t<section class=\"elementor-section elementor-top-section elementor-element elementor-element-de416bc elementor-section-boxed elementor-section-height-default elementor-section-height-default\" data-id=\"de416bc\" data-element_type=\"section\" data-e-type=\"section\">\n\t\t\t\t\t\t<div class=\"elementor-container elementor-column-gap-default\">\n\t\t\t\t\t<div class=\"elementor-column elementor-col-100 elementor-top-column elementor-element elementor-element-5e9c618\" data-id=\"5e9c618\" data-element_type=\"column\" data-e-type=\"column\">\n\t\t\t<div class=\"elementor-widget-wrap elementor-element-populated\">\n\t\t\t\t\t\t<div class=\"elementor-element elementor-element-c581af3 elementor-widget elementor-widget-heading\" data-id=\"c581af3\" data-element_type=\"widget\" data-e-type=\"widget\" data-widget_type=\"heading.default\">\n\t\t\t\t<div class=\"elementor-widget-container\">\n\t\t\t\t\t<h2 class=\"elementor-heading-title elementor-size-default\">Historia de la Provincia San Vicente de Ferrer en Centroam\u00e9rica<\/h2>\t\t\t\t<\/div>\n\t\t\t\t<\/div>\n\t\t\t\t\t<\/div>\n\t\t<\/div>\n\t\t\t\t\t<\/div>\n\t\t<\/section>\n\t\t\t\t<section class=\"elementor-section elementor-top-section elementor-element elementor-element-946b9b9 elementor-section-boxed elementor-section-height-default elementor-section-height-default\" data-id=\"946b9b9\" data-element_type=\"section\" data-e-type=\"section\">\n\t\t\t\t\t\t<div class=\"elementor-container elementor-column-gap-default\">\n\t\t\t\t\t<div class=\"elementor-column elementor-col-100 elementor-top-column elementor-element elementor-element-8ad2d8e\" data-id=\"8ad2d8e\" data-element_type=\"column\" data-e-type=\"column\">\n\t\t\t<div class=\"elementor-widget-wrap elementor-element-populated\">\n\t\t\t\t\t\t<div class=\"elementor-element elementor-element-dd963f9 elementor-widget elementor-widget-text-editor\" data-id=\"dd963f9\" data-element_type=\"widget\" data-e-type=\"widget\" data-widget_type=\"text-editor.default\">\n\t\t\t\t<div class=\"elementor-widget-container\">\n\t\t\t\t\t\t\t\t\t<p>Lo que hoy se conoce con el nombre de Provincia de San Vicente Ferrer en Centroam\u00e9rica ha pasado por varias etapas hist\u00f3ricas.<\/p>\t\t\t\t\t\t\t\t<\/div>\n\t\t\t\t<\/div>\n\t\t\t\t\t<\/div>\n\t\t<\/div>\n\t\t\t\t\t<\/div>\n\t\t<\/section>\n\t\t\t\t<section class=\"elementor-section elementor-top-section elementor-element elementor-element-5c94f97 elementor-section-boxed elementor-section-height-default elementor-section-height-default\" data-id=\"5c94f97\" data-element_type=\"section\" data-e-type=\"section\">\n\t\t\t\t\t\t<div class=\"elementor-container elementor-column-gap-default\">\n\t\t\t\t\t<div class=\"elementor-column elementor-col-33 elementor-top-column elementor-element elementor-element-0a60d3d\" data-id=\"0a60d3d\" data-element_type=\"column\" data-e-type=\"column\">\n\t\t\t<div class=\"elementor-widget-wrap elementor-element-populated\">\n\t\t\t\t\t\t<div class=\"elementor-element elementor-element-4557ca2 elementor-widget elementor-widget-spacer\" data-id=\"4557ca2\" data-element_type=\"widget\" data-e-type=\"widget\" data-widget_type=\"spacer.default\">\n\t\t\t\t<div class=\"elementor-widget-container\">\n\t\t\t\t\t\t\t<div class=\"elementor-spacer\">\n\t\t\t<div class=\"elementor-spacer-inner\"><\/div>\n\t\t<\/div>\n\t\t\t\t\t\t<\/div>\n\t\t\t\t<\/div>\n\t\t\t\t<div class=\"elementor-element elementor-element-4f7b763 elementor-widget elementor-widget-video\" data-id=\"4f7b763\" data-element_type=\"widget\" data-e-type=\"widget\" data-settings=\"{&quot;youtube_url&quot;:&quot;https:\\\/\\\/www.youtube.com\\\/watch?v=JcQtakkVChI&quot;,&quot;video_type&quot;:&quot;youtube&quot;,&quot;controls&quot;:&quot;yes&quot;}\" data-widget_type=\"video.default\">\n\t\t\t\t<div class=\"elementor-widget-container\">\n\t\t\t\t\t\t\t<div class=\"elementor-wrapper elementor-open-inline\">\n\t\t\t<div class=\"elementor-video\"><\/div>\t\t<\/div>\n\t\t\t\t\t\t<\/div>\n\t\t\t\t<\/div>\n\t\t\t\t\t<\/div>\n\t\t<\/div>\n\t\t\t\t<div class=\"elementor-column elementor-col-66 elementor-top-column elementor-element elementor-element-788ac8f\" data-id=\"788ac8f\" data-element_type=\"column\" data-e-type=\"column\">\n\t\t\t<div class=\"elementor-widget-wrap elementor-element-populated\">\n\t\t\t\t\t\t<div class=\"elementor-element elementor-element-b7a3d75 elementor-widget elementor-widget-text-editor\" data-id=\"b7a3d75\" data-element_type=\"widget\" data-e-type=\"widget\" data-widget_type=\"text-editor.default\">\n\t\t\t\t<div class=\"elementor-widget-container\">\n\t\t\t\t\t\t\t\t\t<p>La primera presencia dominicana en la regi\u00f3n fue en Panam\u00e1, a donde llegaron los hijos de Santo Domingo en 1519 para fundar el convento de Santo Domingo en la ciudad de Nombre de Dios, en la costa atl\u00e1ntica, trasladado en 1565 a la ciudad de Panam\u00e1, sobre la costa pac\u00edfica. Inicialmente llegaron 6 religiosos dirigidos por Fr. Reginaldo de Pedraza; en 1524 lleg\u00f3 el obispo dominico Vicente de Peraza -2\u00ba obispo de Panam\u00e1- con varios frailes m\u00e1s; otra gran expedici\u00f3n lleg\u00f3 en 1528 conducida por Fr. Tom\u00e1s Ortiz; y en 1533 y 1534 nuevos dominicos, entre ellos el obispo Tom\u00e1s de Berlanga. Este convento estuvo bajo la jurisdicci\u00f3n de La Espa\u00f1ola, dependiente a su vez de la Provincia de B\u00e9tica; en 1530 se integr\u00f3 en la Provincia de Santa Cruz de las Indias; en 1540 pasan a pertenecer a la Provincia del Per\u00fa; y en 1821 fue suprimido. Igualmente fue fundado y suprimido muy pronto el convento de San Enrique del Dari\u00e9n.<\/p>\t\t\t\t\t\t\t\t<\/div>\n\t\t\t\t<\/div>\n\t\t\t\t\t<\/div>\n\t\t<\/div>\n\t\t\t\t\t<\/div>\n\t\t<\/section>\n\t\t\t\t<section class=\"elementor-section elementor-top-section elementor-element elementor-element-6736aa7 elementor-section-boxed elementor-section-height-default elementor-section-height-default\" data-id=\"6736aa7\" data-element_type=\"section\" data-e-type=\"section\">\n\t\t\t\t\t\t<div class=\"elementor-container elementor-column-gap-default\">\n\t\t\t\t\t<div class=\"elementor-column elementor-col-100 elementor-top-column elementor-element elementor-element-b39e4b0\" data-id=\"b39e4b0\" data-element_type=\"column\" data-e-type=\"column\">\n\t\t\t<div class=\"elementor-widget-wrap elementor-element-populated\">\n\t\t\t\t\t\t<div class=\"elementor-element elementor-element-750361e elementor-widget elementor-widget-text-editor\" data-id=\"750361e\" data-element_type=\"widget\" data-e-type=\"widget\" data-widget_type=\"text-editor.default\">\n\t\t\t\t<div class=\"elementor-widget-container\">\n\t\t\t\t\t\t\t\t\t<p>En 1529, por invitaci\u00f3n de Pedro de Alvarado y procedentes de M\u00e9xico, Fr. Domingo de Betanzos y el P. Mayorga llegan a la reci\u00e9n fundada Santiago de los Caballeros de Guatemala y fundan el primer convento dominicano (convento de Santo Domingo). Por diversas circunstancias se ausentaron pronto, pero regresaron en 1535; Fr. Bartolom\u00e9 de Las Casas y Fr. Pedro de Angulo se establecen definitivamente en la ciudad de Guatemala y habitan ese convento. A partir de esa fecha la Orden llevar\u00e1 a cabo en Centroam\u00e9rica una fecund\u00edsima obra de apostolado y civilizaci\u00f3n.<\/p><p>En ese mismo a\u00f1o de 1535 llegaron los primeros dominicos a Le\u00f3n (Nicaragua), fundando los conventos de San Pablo en Le\u00f3n y de la Inmaculada en Granada, aunque tuvieron una vida ef\u00edmera. En 1536 Fr. Bartolom\u00e9 de Las Casas predic\u00f3 en el convento de San Francisco de la ciudad de Granada (Nicaragua) contra la esclavitud de los ind\u00edgenas, y desde El Realejo embarc\u00f3 para su frustrada empresa misionera en Per\u00fa. En 1550 es asesinado en Le\u00f3n de Nicaragua el 3\u00ba obispo de dicha ciudad, Fr. Antonio de Valdivieso OP, por su defensa de los ind\u00edgenas y su denuncia de las pr\u00e1cticas corruptas del Gobernador Rodrigo de Contreras.<\/p>\t\t\t\t\t\t\t\t<\/div>\n\t\t\t\t<\/div>\n\t\t\t\t<div class=\"elementor-element elementor-element-b63c5f6 elementor-widget elementor-widget-button\" data-id=\"b63c5f6\" data-element_type=\"widget\" data-e-type=\"widget\" data-widget_type=\"button.default\">\n\t\t\t\t<div class=\"elementor-widget-container\">\n\t\t\t\t\t\t\t\t\t<div class=\"elementor-button-wrapper\">\n\t\t\t\t\t<a class=\"elementor-button elementor-button-link elementor-size-md\" href=\"http:\/\/dominicosca.com\/\">\n\t\t\t\t\t\t<span class=\"elementor-button-content-wrapper\">\n\t\t\t\t\t\t\t\t\t<span class=\"elementor-button-text\">Leer m\u00e1s<\/span>\n\t\t\t\t\t<\/span>\n\t\t\t\t\t<\/a>\n\t\t\t\t<\/div>\n\t\t\t\t\t\t\t\t<\/div>\n\t\t\t\t<\/div>\n\t\t\t\t\t<\/div>\n\t\t<\/div>\n\t\t\t\t\t<\/div>\n\t\t<\/section>\n\t\t\t\t<\/div>\n\t\t","protected":false},"excerpt":{"rendered":"<p>Historia de la Provincia San Vicente de Ferrer en Centroam\u00e9rica Lo que hoy se conoce con el nombre de Provincia de San Vicente Ferrer en Centroam\u00e9rica ha pasado por varias etapas hist\u00f3ricas. https:\/\/www.youtube.com\/watch?v=JcQtakkVChI La primera presencia dominicana en la regi\u00f3n &hellip; <\/p>\n","protected":false},"author":6,"featured_media":0,"parent":0,"menu_order":0,"comment_status":"closed","ping_status":"closed","template":"","meta":{"footnotes":""},"class_list":["post-17180","page","type-page","status-publish","hentry"],"_links":{"self":[{"href":"https:\/\/www.uniav.edu.ni\/index.php\/wp-json\/wp\/v2\/pages\/17180","targetHints":{"allow":["GET"]}}],"collection":[{"href":"https:\/\/www.uniav.edu.ni\/index.php\/wp-json\/wp\/v2\/pages"}],"about":[{"href":"https:\/\/www.uniav.edu.ni\/index.php\/wp-json\/wp\/v2\/types\/page"}],"author":[{"embeddable":true,"href":"https:\/\/www.uniav.edu.ni\/index.php\/wp-json\/wp\/v2\/users\/6"}],"replies":[{"embeddable":true,"href":"https:\/\/www.uniav.edu.ni\/index.php\/wp-json\/wp\/v2\/comments?post=17180"}],"version-history":[{"count":21,"href":"https:\/\/www.uniav.edu.ni\/index.php\/wp-json\/wp\/v2\/pages\/17180\/revisions"}],"predecessor-version":[{"id":17322,"href":"https:\/\/www.uniav.edu.ni\/index.php\/wp-json\/wp\/v2\/pages\/17180\/revisions\/17322"}],"wp:attachment":[{"href":"https:\/\/www.uniav.edu.ni\/index.php\/wp-json\/wp\/v2\/media?parent=17180"}],"curies":[{"name":"wp","href":"https:\/\/api.w.org\/{rel}","templated":true}]}}