{"id":16864,"date":"2023-06-21T19:22:35","date_gmt":"2023-06-21T19:22:35","guid":{"rendered":"https:\/\/web.uniav.edu.ni\/?page_id=16864"},"modified":"2024-07-13T13:42:54","modified_gmt":"2024-07-13T13:42:54","slug":"posgrado","status":"publish","type":"page","link":"https:\/\/www.uniav.edu.ni\/index.php\/posgrado\/","title":{"rendered":"POSGRADO"},"content":{"rendered":"\t\t<div data-elementor-type=\"wp-page\" data-elementor-id=\"16864\" class=\"elementor elementor-16864\">\n\t\t\t\t\t\t<section class=\"elementor-section elementor-top-section elementor-element elementor-element-f4b4896 elementor-section-boxed elementor-section-height-default elementor-section-height-default\" data-id=\"f4b4896\" data-element_type=\"section\" data-e-type=\"section\">\n\t\t\t\t\t\t<div class=\"elementor-container elementor-column-gap-default\">\n\t\t\t\t\t<div class=\"elementor-column elementor-col-100 elementor-top-column elementor-element elementor-element-28b38eb\" data-id=\"28b38eb\" data-element_type=\"column\" data-e-type=\"column\">\n\t\t\t<div class=\"elementor-widget-wrap\">\n\t\t\t\t\t\t\t<\/div>\n\t\t<\/div>\n\t\t\t\t\t<\/div>\n\t\t<\/section>\n\t\t\t\t<\/div>\n\t\t","protected":false},"excerpt":{"rendered":"<p>Leer m\u00e1s UNIAV Doctorado Internacional en Administraci\u00f3n Compleja y Bioeconom\u00eda (DIACBE) UNIAV 0 Estudiantes 0 student Gratis Leer m\u00e1s UNIAV Maestr\u00eda en Educaci\u00f3n y Mediaci\u00f3n Pedag\u00f3gica UNIAV 0 Estudiantes 0 student Gratis Leer m\u00e1s UNIAV Doctorado en Educaci\u00f3n y Ecotransformaci\u00f3n &hellip; <\/p>\n","protected":false},"author":5,"featured_media":0,"parent":0,"menu_order":0,"comment_status":"closed","ping_status":"closed","template":"","meta":{"footnotes":""},"class_list":["post-16864","page","type-page","status-publish","hentry"],"_links":{"self":[{"href":"https:\/\/www.uniav.edu.ni\/index.php\/wp-json\/wp\/v2\/pages\/16864","targetHints":{"allow":["GET"]}}],"collection":[{"href":"https:\/\/www.uniav.edu.ni\/index.php\/wp-json\/wp\/v2\/pages"}],"about":[{"href":"https:\/\/www.uniav.edu.ni\/index.php\/wp-json\/wp\/v2\/types\/page"}],"author":[{"embeddable":true,"href":"https:\/\/www.uniav.edu.ni\/index.php\/wp-json\/wp\/v2\/users\/5"}],"replies":[{"embeddable":true,"href":"https:\/\/www.uniav.edu.ni\/index.php\/wp-json\/wp\/v2\/comments?post=16864"}],"version-history":[{"count":20,"href":"https:\/\/www.uniav.edu.ni\/index.php\/wp-json\/wp\/v2\/pages\/16864\/revisions"}],"predecessor-version":[{"id":23128,"href":"https:\/\/www.uniav.edu.ni\/index.php\/wp-json\/wp\/v2\/pages\/16864\/revisions\/23128"}],"wp:attachment":[{"href":"https:\/\/www.uniav.edu.ni\/index.php\/wp-json\/wp\/v2\/media?parent=16864"}],"curies":[{"name":"wp","href":"https:\/\/api.w.org\/{rel}","templated":true}]}}