{"id":16849,"date":"2023-06-21T19:20:04","date_gmt":"2023-06-21T19:20:04","guid":{"rendered":"https:\/\/web.uniav.edu.ni\/?page_id=16849"},"modified":"2024-03-15T15:01:08","modified_gmt":"2024-03-15T15:01:08","slug":"grado","status":"publish","type":"page","link":"https:\/\/www.uniav.edu.ni\/index.php\/grado\/","title":{"rendered":"GRADO"},"content":{"rendered":"\t\t<div data-elementor-type=\"wp-page\" data-elementor-id=\"16849\" class=\"elementor elementor-16849\">\n\t\t\t\t\t\t<section class=\"elementor-section elementor-top-section elementor-element elementor-element-9db9411 elementor-section-boxed elementor-section-height-default elementor-section-height-default\" data-id=\"9db9411\" data-element_type=\"section\" data-e-type=\"section\">\n\t\t\t\t\t\t<div class=\"elementor-container elementor-column-gap-default\">\n\t\t\t\t\t<div class=\"elementor-column elementor-col-50 elementor-top-column elementor-element elementor-element-cca3c98\" data-id=\"cca3c98\" data-element_type=\"column\" data-e-type=\"column\">\n\t\t\t<div class=\"elementor-widget-wrap elementor-element-populated\">\n\t\t\t\t\t\t<div class=\"elementor-element elementor-element-9b09722 elementor-widget elementor-widget-thim-image-box\" data-id=\"9b09722\" data-element_type=\"widget\" data-e-type=\"widget\" data-widget_type=\"thim-image-box.default\">\n\t\t\t\t<div class=\"elementor-widget-container\">\n\t\t\t\t\t<a href=\"https:\/\/uniav.edu.ni\/index.php\/ingenieria-agroindustria-de-alimentos\/\"><div class=\"thim-image-box template-layout-2\"><div class=\"wrapper-image\"><img fetchpriority=\"high\" decoding=\"async\" width=\"2560\" height=\"1707\" src=\"https:\/\/www.uniav.edu.ni\/wp-content\/uploads\/2023\/06\/IMG_4321-scaled.jpg\" class=\"attachment-full size-full\" alt=\"\" srcset=\"https:\/\/www.uniav.edu.ni\/wp-content\/uploads\/2023\/06\/IMG_4321-scaled.jpg 2560w, https:\/\/www.uniav.edu.ni\/wp-content\/uploads\/2023\/06\/IMG_4321-scaled-300x200.jpg 300w, https:\/\/www.uniav.edu.ni\/wp-content\/uploads\/2023\/06\/IMG_4321-scaled-1024x683.jpg 1024w, https:\/\/www.uniav.edu.ni\/wp-content\/uploads\/2023\/06\/IMG_4321-768x512.jpg 768w, https:\/\/www.uniav.edu.ni\/wp-content\/uploads\/2023\/06\/IMG_4321-scaled-1536x1024.jpg 1536w, https:\/\/www.uniav.edu.ni\/wp-content\/uploads\/2023\/06\/IMG_4321-scaled-2048x1366.jpg 2048w, https:\/\/www.uniav.edu.ni\/wp-content\/uploads\/2023\/06\/IMG_4321-scaled-600x400.jpg 600w\" sizes=\"(max-width: 2560px) 100vw, 2560px\" \/><\/div><div class=\"thim-image-info\"><div class=\"title\"><h3 class=\"title-tag\">Ingenier\u00eda en Agroindustria de Alimentos<\/h3><\/div><div class=\"description\"><\/div><\/div><\/div><\/a>\t\t\t\t<\/div>\n\t\t\t\t<\/div>\n\t\t\t\t\t<\/div>\n\t\t<\/div>\n\t\t\t\t<div class=\"elementor-column elementor-col-50 elementor-top-column elementor-element elementor-element-54fcb25\" data-id=\"54fcb25\" data-element_type=\"column\" data-e-type=\"column\">\n\t\t\t<div class=\"elementor-widget-wrap elementor-element-populated\">\n\t\t\t\t\t\t<div class=\"elementor-element elementor-element-8e0b401 elementor-widget elementor-widget-thim-image-box\" data-id=\"8e0b401\" data-element_type=\"widget\" data-e-type=\"widget\" data-widget_type=\"thim-image-box.default\">\n\t\t\t\t<div class=\"elementor-widget-container\">\n\t\t\t\t\t<a href=\"https:\/\/uniav.edu.ni\/index.php\/ingenieria-agronomica\/\"><div class=\"thim-image-box template-layout-2\"><div class=\"wrapper-image\"><img decoding=\"async\" width=\"2560\" height=\"1707\" src=\"https:\/\/www.uniav.edu.ni\/wp-content\/uploads\/2023\/08\/IMG_3576-scaled.jpg\" class=\"attachment-full size-full\" alt=\"\" srcset=\"https:\/\/www.uniav.edu.ni\/wp-content\/uploads\/2023\/08\/IMG_3576-scaled.jpg 2560w, https:\/\/www.uniav.edu.ni\/wp-content\/uploads\/2023\/08\/IMG_3576-scaled-300x200.jpg 300w, https:\/\/www.uniav.edu.ni\/wp-content\/uploads\/2023\/08\/IMG_3576-scaled-1024x683.jpg 1024w, https:\/\/www.uniav.edu.ni\/wp-content\/uploads\/2023\/08\/IMG_3576-768x512.jpg 768w, https:\/\/www.uniav.edu.ni\/wp-content\/uploads\/2023\/08\/IMG_3576-scaled-1536x1024.jpg 1536w, https:\/\/www.uniav.edu.ni\/wp-content\/uploads\/2023\/08\/IMG_3576-scaled-2048x1366.jpg 2048w, https:\/\/www.uniav.edu.ni\/wp-content\/uploads\/2023\/08\/IMG_3576-scaled-600x400.jpg 600w\" sizes=\"(max-width: 2560px) 100vw, 2560px\" \/><\/div><div class=\"thim-image-info\"><div class=\"title\"><h3 class=\"title-tag\">Ingenier\u00eda Agron\u00f3mica<\/h3><\/div><div class=\"description\"><\/div><\/div><\/div><\/a>\t\t\t\t<\/div>\n\t\t\t\t<\/div>\n\t\t\t\t\t<\/div>\n\t\t<\/div>\n\t\t\t\t\t<\/div>\n\t\t<\/section>\n\t\t\t\t<section class=\"elementor-section elementor-top-section elementor-element elementor-element-4d017f0 elementor-section-boxed elementor-section-height-default elementor-section-height-default\" data-id=\"4d017f0\" data-element_type=\"section\" data-e-type=\"section\">\n\t\t\t\t\t\t<div class=\"elementor-container elementor-column-gap-default\">\n\t\t\t\t\t<div class=\"elementor-column elementor-col-50 elementor-top-column elementor-element elementor-element-8fb6953\" data-id=\"8fb6953\" data-element_type=\"column\" data-e-type=\"column\">\n\t\t\t<div class=\"elementor-widget-wrap elementor-element-populated\">\n\t\t\t\t\t\t<div class=\"elementor-element elementor-element-661b77e elementor-widget elementor-widget-thim-image-box\" data-id=\"661b77e\" data-element_type=\"widget\" data-e-type=\"widget\" data-widget_type=\"thim-image-box.default\">\n\t\t\t\t<div class=\"elementor-widget-container\">\n\t\t\t\t\t<a href=\"https:\/\/uniav.edu.ni\/index.php\/licenciatura-en-gestion-agroecoturistica-bilingue\/\"><div class=\"thim-image-box template-layout-2\"><div class=\"wrapper-image\"><img decoding=\"async\" width=\"1600\" height=\"1112\" src=\"https:\/\/www.uniav.edu.ni\/wp-content\/uploads\/2023\/10\/LGAB5-e1698272012119.jpeg\" class=\"attachment-full size-full\" alt=\"\" srcset=\"https:\/\/www.uniav.edu.ni\/wp-content\/uploads\/2023\/10\/LGAB5-e1698272012119.jpeg 1600w, https:\/\/www.uniav.edu.ni\/wp-content\/uploads\/2023\/10\/LGAB5-e1698272012119-300x209.jpeg 300w, https:\/\/www.uniav.edu.ni\/wp-content\/uploads\/2023\/10\/LGAB5-e1698272012119-1024x712.jpeg 1024w, https:\/\/www.uniav.edu.ni\/wp-content\/uploads\/2023\/10\/LGAB5-e1698272012119-768x534.jpeg 768w, https:\/\/www.uniav.edu.ni\/wp-content\/uploads\/2023\/10\/LGAB5-e1698272012119-1536x1068.jpeg 1536w, https:\/\/www.uniav.edu.ni\/wp-content\/uploads\/2023\/10\/LGAB5-e1698272012119-600x417.jpeg 600w\" sizes=\"(max-width: 1600px) 100vw, 1600px\" \/><\/div><div class=\"thim-image-info\"><div class=\"title\"><h3 class=\"title-tag\">Licenciatura en Gesti\u00f3n Agroecotur\u00edstica Biling\u00fce<\/h3><\/div><div class=\"description\"><\/div><\/div><\/div><\/a>\t\t\t\t<\/div>\n\t\t\t\t<\/div>\n\t\t\t\t\t<\/div>\n\t\t<\/div>\n\t\t\t\t<div class=\"elementor-column elementor-col-50 elementor-top-column elementor-element elementor-element-9c993b8\" data-id=\"9c993b8\" data-element_type=\"column\" data-e-type=\"column\">\n\t\t\t<div class=\"elementor-widget-wrap elementor-element-populated\">\n\t\t\t\t\t\t<div class=\"elementor-element elementor-element-e1dbf1e elementor-widget elementor-widget-thim-image-box\" data-id=\"e1dbf1e\" data-element_type=\"widget\" data-e-type=\"widget\" data-widget_type=\"thim-image-box.default\">\n\t\t\t\t<div class=\"elementor-widget-container\">\n\t\t\t\t\t<a href=\"https:\/\/uniav.edu.ni\/index.php\/licenciatura-en-medicina-veterinaria-y-zootecnia\/\"><div class=\"thim-image-box template-layout-2\"><div class=\"wrapper-image\"><img loading=\"lazy\" decoding=\"async\" width=\"1099\" height=\"732\" src=\"https:\/\/www.uniav.edu.ni\/wp-content\/uploads\/2022\/11\/Mesa-de-trabajo-5@3x-8-e1700151023918.png\" class=\"attachment-full size-full\" alt=\"\" srcset=\"https:\/\/www.uniav.edu.ni\/wp-content\/uploads\/2022\/11\/Mesa-de-trabajo-5@3x-8-e1700151023918.png 1099w, https:\/\/www.uniav.edu.ni\/wp-content\/uploads\/2022\/11\/Mesa-de-trabajo-5@3x-8-e1700151023918-300x200.png 300w, https:\/\/www.uniav.edu.ni\/wp-content\/uploads\/2022\/11\/Mesa-de-trabajo-5@3x-8-e1700151023918-1024x682.png 1024w, https:\/\/www.uniav.edu.ni\/wp-content\/uploads\/2022\/11\/Mesa-de-trabajo-5@3x-8-e1700151023918-768x512.png 768w, https:\/\/www.uniav.edu.ni\/wp-content\/uploads\/2022\/11\/Mesa-de-trabajo-5@3x-8-e1700151023918-600x400.png 600w\" sizes=\"(max-width: 1099px) 100vw, 1099px\" \/><\/div><div class=\"thim-image-info\"><div class=\"title\"><h3 class=\"title-tag\">Licenciatura en  Medicina Veterinaria y Zootecnia<\/h3><\/div><div class=\"description\"><\/div><\/div><\/div><\/a>\t\t\t\t<\/div>\n\t\t\t\t<\/div>\n\t\t\t\t\t<\/div>\n\t\t<\/div>\n\t\t\t\t\t<\/div>\n\t\t<\/section>\n\t\t\t\t<section class=\"elementor-section elementor-top-section elementor-element elementor-element-6b513cf elementor-section-boxed elementor-section-height-default elementor-section-height-default\" data-id=\"6b513cf\" data-element_type=\"section\" data-e-type=\"section\">\n\t\t\t\t\t\t<div class=\"elementor-container elementor-column-gap-default\">\n\t\t\t\t\t<div class=\"elementor-column elementor-col-50 elementor-top-column elementor-element elementor-element-002a3c6\" data-id=\"002a3c6\" data-element_type=\"column\" data-e-type=\"column\">\n\t\t\t<div class=\"elementor-widget-wrap elementor-element-populated\">\n\t\t\t\t\t\t<div class=\"elementor-element elementor-element-cf36a23 elementor-widget elementor-widget-thim-image-box\" data-id=\"cf36a23\" data-element_type=\"widget\" data-e-type=\"widget\" data-widget_type=\"thim-image-box.default\">\n\t\t\t\t<div class=\"elementor-widget-container\">\n\t\t\t\t\t<a href=\"https:\/\/uniav.edu.ni\/index.php\/licenciatura-en-lengua-y-literatura-hispanica\/\"><div class=\"thim-image-box template-layout-2\"><div class=\"wrapper-image\"><img loading=\"lazy\" decoding=\"async\" width=\"2560\" height=\"1707\" src=\"https:\/\/www.uniav.edu.ni\/wp-content\/uploads\/2023\/10\/espanol-3-scaled.jpg\" class=\"attachment-full size-full\" alt=\"\" srcset=\"https:\/\/www.uniav.edu.ni\/wp-content\/uploads\/2023\/10\/espanol-3-scaled.jpg 2560w, https:\/\/www.uniav.edu.ni\/wp-content\/uploads\/2023\/10\/espanol-3-scaled-300x200.jpg 300w, https:\/\/www.uniav.edu.ni\/wp-content\/uploads\/2023\/10\/espanol-3-scaled-1024x683.jpg 1024w, https:\/\/www.uniav.edu.ni\/wp-content\/uploads\/2023\/10\/espanol-3-768x512.jpg 768w, https:\/\/www.uniav.edu.ni\/wp-content\/uploads\/2023\/10\/espanol-3-scaled-1536x1024.jpg 1536w, https:\/\/www.uniav.edu.ni\/wp-content\/uploads\/2023\/10\/espanol-3-scaled-2048x1366.jpg 2048w, https:\/\/www.uniav.edu.ni\/wp-content\/uploads\/2023\/10\/espanol-3-scaled-600x400.jpg 600w\" sizes=\"(max-width: 2560px) 100vw, 2560px\" \/><\/div><div class=\"thim-image-info\"><div class=\"title\"><h3 class=\"title-tag\">Licenciatura en Lengua y Literatura Hisp\u00e1nica<\/h3><\/div><div class=\"description\"><\/div><\/div><\/div><\/a>\t\t\t\t<\/div>\n\t\t\t\t<\/div>\n\t\t\t\t<div class=\"elementor-element elementor-element-34706ea elementor-widget elementor-widget-thim-image-box\" data-id=\"34706ea\" data-element_type=\"widget\" data-e-type=\"widget\" data-widget_type=\"thim-image-box.default\">\n\t\t\t\t<div class=\"elementor-widget-container\">\n\t\t\t\t\t<div class=\"thim-image-box template-base\"><div class=\"wrapper-image\"><\/div><div class=\"thim-image-info\"><div class=\"title\"><h3 class=\"title-tag\"><\/h3><\/div><\/div><\/div>\t\t\t\t<\/div>\n\t\t\t\t<\/div>\n\t\t\t\t\t<\/div>\n\t\t<\/div>\n\t\t\t\t<div class=\"elementor-column elementor-col-50 elementor-top-column elementor-element elementor-element-3cfa083\" data-id=\"3cfa083\" data-element_type=\"column\" data-e-type=\"column\">\n\t\t\t<div class=\"elementor-widget-wrap elementor-element-populated\">\n\t\t\t\t\t\t<div class=\"elementor-element elementor-element-9e17676 elementor-widget elementor-widget-thim-image-box\" data-id=\"9e17676\" data-element_type=\"widget\" data-e-type=\"widget\" data-widget_type=\"thim-image-box.default\">\n\t\t\t\t<div class=\"elementor-widget-container\">\n\t\t\t\t\t<a href=\"https:\/\/uniav.edu.ni\/index.php\/licenciatura-en-fisica-matematica\/\"><div class=\"thim-image-box template-layout-2\"><div class=\"wrapper-image\"><img loading=\"lazy\" decoding=\"async\" width=\"2560\" height=\"1707\" src=\"https:\/\/www.uniav.edu.ni\/wp-content\/uploads\/2023\/10\/Portada_fisica_mate-scaled.jpg\" class=\"attachment-full size-full\" alt=\"\" srcset=\"https:\/\/www.uniav.edu.ni\/wp-content\/uploads\/2023\/10\/Portada_fisica_mate-scaled.jpg 2560w, https:\/\/www.uniav.edu.ni\/wp-content\/uploads\/2023\/10\/Portada_fisica_mate-scaled-300x200.jpg 300w, https:\/\/www.uniav.edu.ni\/wp-content\/uploads\/2023\/10\/Portada_fisica_mate-scaled-1024x683.jpg 1024w, https:\/\/www.uniav.edu.ni\/wp-content\/uploads\/2023\/10\/Portada_fisica_mate-768x512.jpg 768w, https:\/\/www.uniav.edu.ni\/wp-content\/uploads\/2023\/10\/Portada_fisica_mate-1536x1024.jpg 1536w, https:\/\/www.uniav.edu.ni\/wp-content\/uploads\/2023\/10\/Portada_fisica_mate-2048x1365.jpg 2048w, https:\/\/www.uniav.edu.ni\/wp-content\/uploads\/2023\/10\/Portada_fisica_mate-scaled-600x400.jpg 600w\" sizes=\"(max-width: 2560px) 100vw, 2560px\" \/><\/div><div class=\"thim-image-info\"><div class=\"title\"><h3 class=\"title-tag\">Licenciatura en F\u00edsica \u2013 Matem\u00e1tica<\/h3><\/div><div class=\"description\"><\/div><\/div><\/div><\/a>\t\t\t\t<\/div>\n\t\t\t\t<\/div>\n\t\t\t\t\t<\/div>\n\t\t<\/div>\n\t\t\t\t\t<\/div>\n\t\t<\/section>\n\t\t\t\t<section class=\"elementor-section elementor-top-section elementor-element elementor-element-e109943 elementor-section-boxed elementor-section-height-default elementor-section-height-default\" data-id=\"e109943\" data-element_type=\"section\" data-e-type=\"section\">\n\t\t\t\t\t\t<div class=\"elementor-container elementor-column-gap-default\">\n\t\t\t\t\t<div class=\"elementor-column elementor-col-50 elementor-top-column elementor-element elementor-element-d19d25a\" data-id=\"d19d25a\" data-element_type=\"column\" data-e-type=\"column\">\n\t\t\t<div class=\"elementor-widget-wrap elementor-element-populated\">\n\t\t\t\t\t\t<div class=\"elementor-element elementor-element-db048f3 elementor-widget elementor-widget-thim-image-box\" data-id=\"db048f3\" data-element_type=\"widget\" data-e-type=\"widget\" data-widget_type=\"thim-image-box.default\">\n\t\t\t\t<div class=\"elementor-widget-container\">\n\t\t\t\t\t<a href=\"https:\/\/uniav.edu.ni\/index.php\/licenciatura-en-ciencias-naturales\/\"><div class=\"thim-image-box template-layout-2\"><div class=\"wrapper-image\"><img loading=\"lazy\" decoding=\"async\" width=\"2560\" height=\"1707\" src=\"https:\/\/www.uniav.edu.ni\/wp-content\/uploads\/2023\/10\/Ciencias-Naturales-1-scaled.jpg\" class=\"attachment-full size-full\" alt=\"\" srcset=\"https:\/\/www.uniav.edu.ni\/wp-content\/uploads\/2023\/10\/Ciencias-Naturales-1-scaled.jpg 2560w, https:\/\/www.uniav.edu.ni\/wp-content\/uploads\/2023\/10\/Ciencias-Naturales-1-scaled-300x200.jpg 300w, https:\/\/www.uniav.edu.ni\/wp-content\/uploads\/2023\/10\/Ciencias-Naturales-1-scaled-1024x683.jpg 1024w, https:\/\/www.uniav.edu.ni\/wp-content\/uploads\/2023\/10\/Ciencias-Naturales-1-768x512.jpg 768w, https:\/\/www.uniav.edu.ni\/wp-content\/uploads\/2023\/10\/Ciencias-Naturales-1-1536x1024.jpg 1536w, https:\/\/www.uniav.edu.ni\/wp-content\/uploads\/2023\/10\/Ciencias-Naturales-1-2048x1365.jpg 2048w, https:\/\/www.uniav.edu.ni\/wp-content\/uploads\/2023\/10\/Ciencias-Naturales-1-scaled-600x400.jpg 600w\" sizes=\"(max-width: 2560px) 100vw, 2560px\" \/><\/div><div class=\"thim-image-info\"><div class=\"title\"><h3 class=\"title-tag\">Licenciatura en Ciencias Naturales<\/h3><\/div><div class=\"description\"><\/div><\/div><\/div><\/a>\t\t\t\t<\/div>\n\t\t\t\t<\/div>\n\t\t\t\t\t<\/div>\n\t\t<\/div>\n\t\t\t\t<div class=\"elementor-column elementor-col-50 elementor-top-column elementor-element elementor-element-49db162\" data-id=\"49db162\" data-element_type=\"column\" data-e-type=\"column\">\n\t\t\t<div class=\"elementor-widget-wrap elementor-element-populated\">\n\t\t\t\t\t\t<div class=\"elementor-element elementor-element-79dd812 elementor-widget elementor-widget-thim-image-box\" data-id=\"79dd812\" data-element_type=\"widget\" data-e-type=\"widget\" data-widget_type=\"thim-image-box.default\">\n\t\t\t\t<div class=\"elementor-widget-container\">\n\t\t\t\t\t<a href=\"https:\/\/uniav.edu.ni\/index.php\/licenciatura-en-ciencias-sociales\/\"><div class=\"thim-image-box template-layout-2\"><div class=\"wrapper-image\"><img loading=\"lazy\" decoding=\"async\" width=\"2560\" height=\"1707\" src=\"https:\/\/www.uniav.edu.ni\/wp-content\/uploads\/2023\/10\/ciencias-sociales-2-scaled.jpg\" class=\"attachment-full size-full\" alt=\"\" srcset=\"https:\/\/www.uniav.edu.ni\/wp-content\/uploads\/2023\/10\/ciencias-sociales-2-scaled.jpg 2560w, https:\/\/www.uniav.edu.ni\/wp-content\/uploads\/2023\/10\/ciencias-sociales-2-scaled-300x200.jpg 300w, https:\/\/www.uniav.edu.ni\/wp-content\/uploads\/2023\/10\/ciencias-sociales-2-scaled-1024x683.jpg 1024w, https:\/\/www.uniav.edu.ni\/wp-content\/uploads\/2023\/10\/ciencias-sociales-2-768x512.jpg 768w, https:\/\/www.uniav.edu.ni\/wp-content\/uploads\/2023\/10\/ciencias-sociales-2-scaled-1536x1024.jpg 1536w, https:\/\/www.uniav.edu.ni\/wp-content\/uploads\/2023\/10\/ciencias-sociales-2-scaled-2048x1366.jpg 2048w, https:\/\/www.uniav.edu.ni\/wp-content\/uploads\/2023\/10\/ciencias-sociales-2-scaled-600x400.jpg 600w\" sizes=\"(max-width: 2560px) 100vw, 2560px\" \/><\/div><div class=\"thim-image-info\"><div class=\"title\"><h3 class=\"title-tag\">Licenciatura en Ciencias Sociales<\/h3><\/div><div class=\"description\"><\/div><\/div><\/div><\/a>\t\t\t\t<\/div>\n\t\t\t\t<\/div>\n\t\t\t\t\t<\/div>\n\t\t<\/div>\n\t\t\t\t\t<\/div>\n\t\t<\/section>\n\t\t\t\t<\/div>\n\t\t","protected":false},"excerpt":{"rendered":"<p>Ingenier\u00eda en Agroindustria de Alimentos Ingenier\u00eda Agron\u00f3mica Licenciatura en Gesti\u00f3n Agroecotur\u00edstica Biling\u00fce Licenciatura en Medicina Veterinaria y Zootecnia Licenciatura en Lengua y Literatura Hisp\u00e1nica Licenciatura en F\u00edsica \u2013 Matem\u00e1tica Licenciatura en Ciencias Naturales Licenciatura en Ciencias Sociales<\/p>\n","protected":false},"author":5,"featured_media":0,"parent":0,"menu_order":0,"comment_status":"closed","ping_status":"closed","template":"","meta":{"footnotes":""},"class_list":["post-16849","page","type-page","status-publish","hentry"],"_links":{"self":[{"href":"https:\/\/www.uniav.edu.ni\/index.php\/wp-json\/wp\/v2\/pages\/16849","targetHints":{"allow":["GET"]}}],"collection":[{"href":"https:\/\/www.uniav.edu.ni\/index.php\/wp-json\/wp\/v2\/pages"}],"about":[{"href":"https:\/\/www.uniav.edu.ni\/index.php\/wp-json\/wp\/v2\/types\/page"}],"author":[{"embeddable":true,"href":"https:\/\/www.uniav.edu.ni\/index.php\/wp-json\/wp\/v2\/users\/5"}],"replies":[{"embeddable":true,"href":"https:\/\/www.uniav.edu.ni\/index.php\/wp-json\/wp\/v2\/comments?post=16849"}],"version-history":[{"count":134,"href":"https:\/\/www.uniav.edu.ni\/index.php\/wp-json\/wp\/v2\/pages\/16849\/revisions"}],"predecessor-version":[{"id":22956,"href":"https:\/\/www.uniav.edu.ni\/index.php\/wp-json\/wp\/v2\/pages\/16849\/revisions\/22956"}],"wp:attachment":[{"href":"https:\/\/www.uniav.edu.ni\/index.php\/wp-json\/wp\/v2\/media?parent=16849"}],"curies":[{"name":"wp","href":"https:\/\/api.w.org\/{rel}","templated":true}]}}