{"id":16837,"date":"2023-06-21T19:16:33","date_gmt":"2023-06-21T19:16:33","guid":{"rendered":"https:\/\/web.uniav.edu.ni\/?page_id=16837"},"modified":"2023-11-18T03:55:11","modified_gmt":"2023-11-18T03:55:11","slug":"oferta-pregrado","status":"publish","type":"page","link":"https:\/\/www.uniav.edu.ni\/index.php\/oferta-pregrado\/","title":{"rendered":"PREGRADO"},"content":{"rendered":"\t\t<div data-elementor-type=\"wp-page\" data-elementor-id=\"16837\" class=\"elementor elementor-16837\">\n\t\t\t\t\t\t<section class=\"elementor-section elementor-top-section elementor-element elementor-element-6c0cfc7f elementor-section-full_width elementor-section-stretched elementor-section-height-default elementor-section-height-default\" data-id=\"6c0cfc7f\" data-element_type=\"section\" data-e-type=\"section\" data-settings=\"{&quot;stretch_section&quot;:&quot;section-stretched&quot;}\">\n\t\t\t\t\t\t<div class=\"elementor-container elementor-column-gap-custom\">\n\t\t\t\t\t<div class=\"elementor-column elementor-col-100 elementor-top-column elementor-element elementor-element-6e316cf3\" data-id=\"6e316cf3\" data-element_type=\"column\" data-e-type=\"column\">\n\t\t\t<div class=\"elementor-widget-wrap elementor-element-populated\">\n\t\t\t\t\t\t<section class=\"elementor-section elementor-inner-section elementor-element elementor-element-c546c9f elementor-section-full_width elementor-section-height-default elementor-section-height-default\" data-id=\"c546c9f\" data-element_type=\"section\" data-e-type=\"section\">\n\t\t\t\t\t\t<div class=\"elementor-container elementor-column-gap-custom\">\n\t\t\t\t\t<div class=\"elementor-column elementor-col-50 elementor-inner-column elementor-element elementor-element-204797d hover-icon \" data-id=\"204797d\" data-element_type=\"column\" data-e-type=\"column\">\n\t\t\t<div class=\"elementor-widget-wrap elementor-element-populated\">\n\t\t\t\t\t\t<div class=\"elementor-element elementor-element-c9547e5 content-bottom e-transform iconbox-text-left elementor-widget elementor-widget-thim-icon-box\" data-id=\"c9547e5\" data-element_type=\"widget\" data-e-type=\"widget\" data-settings=\"{&quot;_transform_skewX_effect_hover&quot;:{&quot;unit&quot;:&quot;px&quot;,&quot;size&quot;:0,&quot;sizes&quot;:[]},&quot;_transform_skewX_effect_hover_tablet&quot;:{&quot;unit&quot;:&quot;deg&quot;,&quot;size&quot;:&quot;&quot;,&quot;sizes&quot;:[]},&quot;_transform_skewX_effect_hover_mobile&quot;:{&quot;unit&quot;:&quot;deg&quot;,&quot;size&quot;:&quot;&quot;,&quot;sizes&quot;:[]},&quot;_transform_skewY_effect_hover&quot;:{&quot;unit&quot;:&quot;px&quot;,&quot;size&quot;:&quot;&quot;,&quot;sizes&quot;:[]},&quot;_transform_skewY_effect_hover_tablet&quot;:{&quot;unit&quot;:&quot;deg&quot;,&quot;size&quot;:&quot;&quot;,&quot;sizes&quot;:[]},&quot;_transform_skewY_effect_hover_mobile&quot;:{&quot;unit&quot;:&quot;deg&quot;,&quot;size&quot;:&quot;&quot;,&quot;sizes&quot;:[]}}\" data-widget_type=\"thim-icon-box.default\">\n\t\t\t\t<div class=\"elementor-widget-container\">\n\t\t\t\t\t<div class=\"thim-widget-icon-box\"><div class=\"wrapper-box-icon text-left image_box\"><div class=\"smicon-box iconbox-left\"><div class=\"boxes-icon\"><a class=\"icon-box-link\" href=\"https:\/\/uniav.edu.ni\/index.php\/tecnico-superior-en-ciencias-agropecuarias\/\"><span class=\"inner-icon\"><span class=\"icon\"><\/span><\/span><\/a><\/div><div class=\"content-inner\"><div class=\"sc-heading\"><h2 class=\"heading__primary\"><a class=\"icon-box-link\" href=\"https:\/\/uniav.edu.ni\/index.php\/tecnico-superior-en-ciencias-agropecuarias\/\">T\u00e9cnico Superior en Ciencias Agropecuarias<\/a><\/h2><\/div><a class=\"smicon-read sc-btn\" href=\"https:\/\/uniav.edu.ni\/index.php\/tecnico-superior-en-ciencias-agropecuarias\/\">Leer mas <i class=\"fa fa-chevron-right\"><\/i><\/a><\/div><\/div><\/div><\/div>\t\t\t\t<\/div>\n\t\t\t\t<\/div>\n\t\t\t\t\t<\/div>\n\t\t<\/div>\n\t\t\t\t<div class=\"elementor-column elementor-col-50 elementor-inner-column elementor-element elementor-element-18857de hover-icon \" data-id=\"18857de\" data-element_type=\"column\" data-e-type=\"column\">\n\t\t\t<div class=\"elementor-widget-wrap elementor-element-populated\">\n\t\t\t\t\t\t<div class=\"elementor-element elementor-element-1f63f74 content-bottom iconbox-text-right e-transform elementor-widget elementor-widget-thim-icon-box\" data-id=\"1f63f74\" data-element_type=\"widget\" data-e-type=\"widget\" data-settings=\"{&quot;_transform_skewX_effect_hover&quot;:{&quot;unit&quot;:&quot;px&quot;,&quot;size&quot;:0,&quot;sizes&quot;:[]},&quot;_transform_skewX_effect_hover_tablet&quot;:{&quot;unit&quot;:&quot;deg&quot;,&quot;size&quot;:&quot;&quot;,&quot;sizes&quot;:[]},&quot;_transform_skewX_effect_hover_mobile&quot;:{&quot;unit&quot;:&quot;deg&quot;,&quot;size&quot;:&quot;&quot;,&quot;sizes&quot;:[]},&quot;_transform_skewY_effect_hover&quot;:{&quot;unit&quot;:&quot;px&quot;,&quot;size&quot;:&quot;&quot;,&quot;sizes&quot;:[]},&quot;_transform_skewY_effect_hover_tablet&quot;:{&quot;unit&quot;:&quot;deg&quot;,&quot;size&quot;:&quot;&quot;,&quot;sizes&quot;:[]},&quot;_transform_skewY_effect_hover_mobile&quot;:{&quot;unit&quot;:&quot;deg&quot;,&quot;size&quot;:&quot;&quot;,&quot;sizes&quot;:[]}}\" data-widget_type=\"thim-icon-box.default\">\n\t\t\t\t<div class=\"elementor-widget-container\">\n\t\t\t\t\t<div class=\"thim-widget-icon-box\"><div class=\"wrapper-box-icon text-right image_box\"><div class=\"smicon-box iconbox-right\"><div class=\"boxes-icon\"><a class=\"icon-box-link\" href=\"https:\/\/uniav.edu.ni\/index.php\/tecnico-superior-en-ingles-orientado-al-agroecoturismo\/\"><span class=\"inner-icon\"><span class=\"icon\"><\/span><\/span><\/a><\/div><div class=\"content-inner\"><div class=\"sc-heading\"><h2 class=\"heading__primary\"><a class=\"icon-box-link\" href=\"https:\/\/uniav.edu.ni\/index.php\/tecnico-superior-en-ingles-orientado-al-agroecoturismo\/\">T\u00e9cnico Superior en Ingl\u00e9s orientado al Agroecoturismo<\/a><\/h2><\/div><a class=\"smicon-read sc-btn\" href=\"https:\/\/uniav.edu.ni\/index.php\/tecnico-superior-en-ingles-orientado-al-agroecoturismo\/\">Leer mas <i class=\"fa fa-chevron-right\"><\/i><\/a><\/div><\/div><\/div><\/div>\t\t\t\t<\/div>\n\t\t\t\t<\/div>\n\t\t\t\t\t<\/div>\n\t\t<\/div>\n\t\t\t\t\t<\/div>\n\t\t<\/section>\n\t\t\t\t\t<\/div>\n\t\t<\/div>\n\t\t\t\t\t<\/div>\n\t\t<\/section>\n\t\t\t\t<\/div>\n\t\t","protected":false},"excerpt":{"rendered":"<p>T\u00e9cnico Superior en Ciencias Agropecuarias Leer mas T\u00e9cnico Superior en Ingl\u00e9s orientado al Agroecoturismo Leer mas<\/p>\n","protected":false},"author":5,"featured_media":0,"parent":0,"menu_order":0,"comment_status":"closed","ping_status":"closed","template":"","meta":{"footnotes":""},"class_list":["post-16837","page","type-page","status-publish","hentry"],"_links":{"self":[{"href":"https:\/\/www.uniav.edu.ni\/index.php\/wp-json\/wp\/v2\/pages\/16837","targetHints":{"allow":["GET"]}}],"collection":[{"href":"https:\/\/www.uniav.edu.ni\/index.php\/wp-json\/wp\/v2\/pages"}],"about":[{"href":"https:\/\/www.uniav.edu.ni\/index.php\/wp-json\/wp\/v2\/types\/page"}],"author":[{"embeddable":true,"href":"https:\/\/www.uniav.edu.ni\/index.php\/wp-json\/wp\/v2\/users\/5"}],"replies":[{"embeddable":true,"href":"https:\/\/www.uniav.edu.ni\/index.php\/wp-json\/wp\/v2\/comments?post=16837"}],"version-history":[{"count":50,"href":"https:\/\/www.uniav.edu.ni\/index.php\/wp-json\/wp\/v2\/pages\/16837\/revisions"}],"predecessor-version":[{"id":22208,"href":"https:\/\/www.uniav.edu.ni\/index.php\/wp-json\/wp\/v2\/pages\/16837\/revisions\/22208"}],"wp:attachment":[{"href":"https:\/\/www.uniav.edu.ni\/index.php\/wp-json\/wp\/v2\/media?parent=16837"}],"curies":[{"name":"wp","href":"https:\/\/api.w.org\/{rel}","templated":true}]}}