{"id":16613,"date":"2023-06-21T16:17:10","date_gmt":"2023-06-21T16:17:10","guid":{"rendered":"https:\/\/web.uniav.edu.ni\/?page_id=16613"},"modified":"2023-11-18T05:14:24","modified_gmt":"2023-11-18T05:14:24","slug":"plan-de-estudio-licenciatura-en-gestion-agroecoturistica-bilingueplan","status":"publish","type":"page","link":"https:\/\/www.uniav.edu.ni\/index.php\/plan-de-estudio-licenciatura-en-gestion-agroecoturistica-bilingueplan\/","title":{"rendered":"PLAN DE ESTUDIO LICENCIATURA EN GESTI\u00d3N AGROECOTUR\u00cdSTICA BILING\u00dcE"},"content":{"rendered":"\t\t<div data-elementor-type=\"wp-page\" data-elementor-id=\"16613\" class=\"elementor elementor-16613\">\n\t\t\t\t\t\t<section class=\"elementor-section elementor-top-section elementor-element elementor-element-0246094 elementor-section-boxed elementor-section-height-default elementor-section-height-default\" data-id=\"0246094\" data-element_type=\"section\" data-e-type=\"section\">\n\t\t\t\t\t\t<div class=\"elementor-container elementor-column-gap-default\">\n\t\t\t\t\t<div class=\"elementor-column elementor-col-100 elementor-top-column elementor-element elementor-element-b0d557e\" data-id=\"b0d557e\" data-element_type=\"column\" data-e-type=\"column\">\n\t\t\t<div class=\"elementor-widget-wrap elementor-element-populated\">\n\t\t\t\t\t\t<div class=\"elementor-element elementor-element-7908c60 elementor-widget elementor-widget-shortcode\" data-id=\"7908c60\" data-element_type=\"widget\" data-e-type=\"widget\" data-widget_type=\"shortcode.default\">\n\t\t\t\t<div class=\"elementor-widget-container\">\n\t\t\t\t\t\t\t<div class=\"elementor-shortcode\"><div class=\"_df_book df-lite\" id=\"df_16612\"  _slug=\"licenciatura-en-gestion-agroecoturistica-bilingue\" data-title=\"licenciatura-en-gestion-agroecoturistica-bilingue\" wpoptions=\"true\" thumbtype=\"\" ><\/div><script class=\"df-shortcode-script\" nowprocket type=\"application\/javascript\">window.option_df_16612 = {\"outline\":[],\"backgroundColor\":\"#C2CF7A\",\"autoEnableOutline\":\"false\",\"autoEnableThumbnail\":\"false\",\"overwritePDFOutline\":\"false\",\"direction\":\"1\",\"pageSize\":\"0\",\"source\":\"https:\\\/\\\/www.uniav.edu.ni\\\/wp-content\\\/uploads\\\/2023\\\/11\\\/Licenciatura-en-Gestion-Agroecoturistica-Bilingue-.pdf\",\"wpOptions\":\"true\"}; if(window.DFLIP && window.DFLIP.parseBooks){window.DFLIP.parseBooks();}<\/script><\/div>\n\t\t\t\t\t\t<\/div>\n\t\t\t\t<\/div>\n\t\t\t\t\t<\/div>\n\t\t<\/div>\n\t\t\t\t\t<\/div>\n\t\t<\/section>\n\t\t\t\t<section class=\"elementor-section elementor-top-section elementor-element elementor-element-a8edfaa elementor-section-boxed elementor-section-height-default elementor-section-height-default\" data-id=\"a8edfaa\" data-element_type=\"section\" data-e-type=\"section\">\n\t\t\t\t\t\t<div class=\"elementor-container elementor-column-gap-default\">\n\t\t\t\t\t<div class=\"elementor-column elementor-col-33 elementor-top-column elementor-element elementor-element-2d226e16\" data-id=\"2d226e16\" data-element_type=\"column\" data-e-type=\"column\">\n\t\t\t<div class=\"elementor-widget-wrap\">\n\t\t\t\t\t\t\t<\/div>\n\t\t<\/div>\n\t\t\t\t<div class=\"elementor-column elementor-col-33 elementor-top-column elementor-element elementor-element-71f84f55\" data-id=\"71f84f55\" data-element_type=\"column\" data-e-type=\"column\">\n\t\t\t<div class=\"elementor-widget-wrap elementor-element-populated\">\n\t\t\t\t\t\t<div class=\"elementor-element elementor-element-e680151 elementor-align-justify elementor-widget elementor-widget-button\" data-id=\"e680151\" data-element_type=\"widget\" data-e-type=\"widget\" data-widget_type=\"button.default\">\n\t\t\t\t<div class=\"elementor-widget-container\">\n\t\t\t\t\t\t\t\t\t<div class=\"elementor-button-wrapper\">\n\t\t\t\t\t<a class=\"elementor-button elementor-button-link elementor-size-md\" href=\"https:\/\/uniav.edu.ni\/wp-content\/uploads\/2023\/11\/Licenciatura-en-Gestion-Agroecoturistica-Bilingue-.pdf\">\n\t\t\t\t\t\t<span class=\"elementor-button-content-wrapper\">\n\t\t\t\t\t\t<span class=\"elementor-button-icon\">\n\t\t\t\t<i aria-hidden=\"true\" class=\"far fa-file-pdf\"><\/i>\t\t\t<\/span>\n\t\t\t\t\t\t\t\t\t<span class=\"elementor-button-text\">DESCARGAR<\/span>\n\t\t\t\t\t<\/span>\n\t\t\t\t\t<\/a>\n\t\t\t\t<\/div>\n\t\t\t\t\t\t\t\t<\/div>\n\t\t\t\t<\/div>\n\t\t\t\t\t<\/div>\n\t\t<\/div>\n\t\t\t\t<div class=\"elementor-column elementor-col-33 elementor-top-column elementor-element elementor-element-6bf6b11b\" data-id=\"6bf6b11b\" data-element_type=\"column\" data-e-type=\"column\">\n\t\t\t<div class=\"elementor-widget-wrap\">\n\t\t\t\t\t\t\t<\/div>\n\t\t<\/div>\n\t\t\t\t\t<\/div>\n\t\t<\/section>\n\t\t\t\t<\/div>\n\t\t","protected":false},"excerpt":{"rendered":"<p>DESCARGAR<\/p>\n","protected":false},"author":5,"featured_media":0,"parent":0,"menu_order":0,"comment_status":"closed","ping_status":"closed","template":"","meta":{"footnotes":""},"class_list":["post-16613","page","type-page","status-publish","hentry"],"_links":{"self":[{"href":"https:\/\/www.uniav.edu.ni\/index.php\/wp-json\/wp\/v2\/pages\/16613","targetHints":{"allow":["GET"]}}],"collection":[{"href":"https:\/\/www.uniav.edu.ni\/index.php\/wp-json\/wp\/v2\/pages"}],"about":[{"href":"https:\/\/www.uniav.edu.ni\/index.php\/wp-json\/wp\/v2\/types\/page"}],"author":[{"embeddable":true,"href":"https:\/\/www.uniav.edu.ni\/index.php\/wp-json\/wp\/v2\/users\/5"}],"replies":[{"embeddable":true,"href":"https:\/\/www.uniav.edu.ni\/index.php\/wp-json\/wp\/v2\/comments?post=16613"}],"version-history":[{"count":26,"href":"https:\/\/www.uniav.edu.ni\/index.php\/wp-json\/wp\/v2\/pages\/16613\/revisions"}],"predecessor-version":[{"id":22302,"href":"https:\/\/www.uniav.edu.ni\/index.php\/wp-json\/wp\/v2\/pages\/16613\/revisions\/22302"}],"wp:attachment":[{"href":"https:\/\/www.uniav.edu.ni\/index.php\/wp-json\/wp\/v2\/media?parent=16613"}],"curies":[{"name":"wp","href":"https:\/\/api.w.org\/{rel}","templated":true}]}}